{"id":720,"date":"2026-03-01T07:43:01","date_gmt":"2026-03-01T07:43:01","guid":{"rendered":"https:\/\/bitcointalker.org\/?post_type=product&#038;p=720"},"modified":"2026-03-01T07:53:44","modified_gmt":"2026-03-01T07:53:44","slug":"wolkenkraft-fx-mini-copy","status":"publish","type":"product","link":"https:\/\/bitcointalker.org\/?product=wolkenkraft-fx-mini-copy","title":{"rendered":"Wolkenkraft FX Mini Ultra"},"content":{"rendered":"<div class=\"rh-product-highlights\">\n<ul>\n<li>Qualit\u00e0 di produzione medica secondo DIN ISO 13485<\/li>\n<li>Nuovo design Wolkenkraft ULTRA con anello bocchino placcato in oro e scritta ULTRA<\/li>\n<li>Porta bocchino a scorrimento con bocchino in vetro estraibile<\/li>\n<li>Controllo preciso della temperatura da 100 \u00b0C a 220 \u00b0C<\/li>\n<li>Durata di utilizzo regolabile da 3 a 5 minuti con indicazione di minuti e secondi<\/li>\n<li>Feedback aptico oltre a ricarica rapida USB-C e cavo USB-C premium 120 cm con trasferimento dati<\/li>\n<li>ULTRA Capsule Caddy incluso con capsule per erbe 2x e garanzia produttore 5 anni<\/li>\n<\/ul>\n<\/div>\n<div class=\"rh-product-description\">\n<p>Il FX Mini Ultra \u00e8 la versione rivista e migliorata del FX Mini e combina qualit\u00e0 di produzione medica con un design aggiornato. L&#8217;unit\u00e0 bocchino dispone di un meccanismo di inserimento magnetico e mantiene un bocchino in vetro estraibile. La temperatura \u00e8 regolabile con precisione tra 100 \u00b0C e 220 \u00b0C e la durata della sessione \u00e8 variabile tra 3 e 5 minuti con visualizzazione di minuti e secondi. Il dispositivo fornisce feedback aptico all&#8217;accensione e allo spegnimento. La porta USB-C consente una ricarica fino al 30 percento pi\u00f9 rapida e il prodotto \u00e8 fornito con un cavo USB-C premium extra lungo. L&#8217;ULTRA Capsule Caddy semplifica il dosaggio per l&#8217;uso con erbe.<\/p>\n<\/div>\n<div class=\"rh-product-scope-of-delivery\">\n<h3>Contenuto della confezione<\/h3>\n<ul>\n<li>Vaporizzatore premium FX Mini Ultra<\/li>\n<li>Cappuccio antipolvere<\/li>\n<li>Anello di tenuta con filtro<\/li>\n<li>Contenitore capsule ULTRA in blu notte<\/li>\n<li>Capsula dosatrice per erbe 2x<\/li>\n<li>Attrezzo<\/li>\n<li>Pinzette<\/li>\n<li>Spazzola per pulizia in legno e setole naturali<\/li>\n<li>Panno per pulizia 2x<\/li>\n<li>Cavo USB-C premium con funzione di trasferimento dati<\/li>\n<li>Adesivo Release the Power<\/li>\n<li>Manuale multilingue in tedesco, inglese, francese, spagnolo, italiano, olandese<\/li>\n<\/ul>\n<\/div>\n<div class=\"rh-product-warranty\">\n<h3>Garanzia<\/h3>\n<p>Garanzia del produttore 5 anni.<\/p>\n<\/div>\n","protected":false},"excerpt":{"rendered":"<div class=\"rh-product-highlights\">\n<ul>\n<li>Qualit\u00e0 di produzione medica secondo DIN ISO 13485<\/li>\n<li>Nuovo design Wolkenkraft ULTRA con anello bocchino placcato in oro e scritta ULTRA<\/li>\n<li>Porta bocchino a scorrimento con bocchino in vetro estraibile<\/li>\n<li>Controllo preciso della temperatura da 100 \u00b0C a 220 \u00b0C<\/li>\n<li>Durata di utilizzo regolabile da 3 a 5 minuti con indicazione di minuti e secondi<\/li>\n<li>Feedback aptico oltre a ricarica rapida USB-C e cavo USB-C premium 120 cm con trasferimento dati<\/li>\n<li>ULTRA Capsule Caddy incluso con capsule per erbe 2x e garanzia produttore 5 anni<\/li>\n<\/ul>\n<\/div>\n<div class=\"rh-product-description\">\n<p>Il FX Mini Ultra \u00e8 la versione rivista e migliorata del FX Mini e combina qualit\u00e0 di produzione medica con un design aggiornato. L&#8217;unit\u00e0 bocchino dispone di un meccanismo di inserimento magnetico e mantiene un bocchino in vetro estraibile. La temperatura \u00e8 regolabile con precisione tra 100 \u00b0C e 220 \u00b0C e la durata della sessione \u00e8 variabile tra 3 e 5 minuti con visualizzazione di minuti e secondi. Il dispositivo fornisce feedback aptico all&#8217;accensione e allo spegnimento. La porta USB-C consente una ricarica fino al 30 percento pi\u00f9 rapida e il prodotto \u00e8 fornito con un cavo USB-C premium extra lungo. L&#8217;ULTRA Capsule Caddy semplifica il dosaggio per l&#8217;uso con erbe.<\/p>\n<\/div>\n<div class=\"rh-product-scope-of-delivery\">\n<h3>Contenuto della confezione<\/h3>\n<ul>\n<li>Vaporizzatore premium FX Mini Ultra<\/li>\n<li>Cappuccio antipolvere<\/li>\n<li>Anello di tenuta con filtro<\/li>\n<li>Contenitore capsule ULTRA in blu notte<\/li>\n<li>Capsula dosatrice per erbe 2x<\/li>\n<li>Attrezzo<\/li>\n<li>Pinzette<\/li>\n<li>Spazzola per pulizia in legno e setole naturali<\/li>\n<li>Panno per pulizia 2x<\/li>\n<li>Cavo USB-C premium con funzione di trasferimento dati<\/li>\n<li>Adesivo Release the Power<\/li>\n<li>Manuale multilingue in tedesco, inglese, francese, spagnolo, italiano, olandese<\/li>\n<\/ul>\n<\/div>\n<div class=\"rh-product-warranty\">\n<h3>Garanzia<\/h3>\n<p>Garanzia del produttore 5 anni.<\/p>\n<\/div>\n","protected":false},"featured_media":721,"comment_status":"open","ping_status":"closed","template":"","meta":{"_bbp_topic_count":0,"_bbp_reply_count":0,"_bbp_total_topic_count":0,"_bbp_total_reply_count":0,"_bbp_voice_count":0,"_bbp_anonymous_reply_count":0,"_bbp_topic_count_hidden":0,"_bbp_reply_count_hidden":0,"_bbp_forum_subforum_count":0},"product_brand":[56],"product_cat":[33],"product_tag":[93],"class_list":{"0":"post-720","1":"product","2":"type-product","3":"status-publish","4":"has-post-thumbnail","6":"product_brand-wolkenkraft","7":"product_cat-vaporizer","8":"product_tag-wolkenkraft-fx-mini-ultra","10":"first","11":"instock","12":"taxable","13":"shipping-taxable","14":"purchasable","15":"product-type-simple"},"jetpack_sharing_enabled":true,"_links":{"self":[{"href":"https:\/\/bitcointalker.org\/index.php?rest_route=\/wp\/v2\/product\/720","targetHints":{"allow":["GET"]}}],"collection":[{"href":"https:\/\/bitcointalker.org\/index.php?rest_route=\/wp\/v2\/product"}],"about":[{"href":"https:\/\/bitcointalker.org\/index.php?rest_route=\/wp\/v2\/types\/product"}],"replies":[{"embeddable":true,"href":"https:\/\/bitcointalker.org\/index.php?rest_route=%2Fwp%2Fv2%2Fcomments&post=720"}],"wp:featuredmedia":[{"embeddable":true,"href":"https:\/\/bitcointalker.org\/index.php?rest_route=\/wp\/v2\/media\/721"}],"wp:attachment":[{"href":"https:\/\/bitcointalker.org\/index.php?rest_route=%2Fwp%2Fv2%2Fmedia&parent=720"}],"wp:term":[{"taxonomy":"product_brand","embeddable":true,"href":"https:\/\/bitcointalker.org\/index.php?rest_route=%2Fwp%2Fv2%2Fproduct_brand&post=720"},{"taxonomy":"product_cat","embeddable":true,"href":"https:\/\/bitcointalker.org\/index.php?rest_route=%2Fwp%2Fv2%2Fproduct_cat&post=720"},{"taxonomy":"product_tag","embeddable":true,"href":"https:\/\/bitcointalker.org\/index.php?rest_route=%2Fwp%2Fv2%2Fproduct_tag&post=720"}],"curies":[{"name":"wp","href":"https:\/\/api.w.org\/{rel}","templated":true}]}}