{"id":678,"date":"2026-02-17T17:55:09","date_gmt":"2026-02-17T17:55:09","guid":{"rendered":"https:\/\/bitcointalker.org\/?post_type=product&#038;p=678"},"modified":"2026-02-17T17:55:14","modified_gmt":"2026-02-17T17:55:14","slug":"storz-bickel-mighty","status":"publish","type":"product","link":"https:\/\/bitcointalker.org\/?product=storz-bickel-mighty","title":{"rendered":"Storz &#038; Bickel Mighty +"},"content":{"rendered":"<div class=\"rh-product-highlights\">\n<ul>\n<li>Porta USB-C per ricarica moderna<\/li>\n<li>Funzione Supercharge ricarica all&#8217;80% in 40 minuti<\/li>\n<li>Tempo di riscaldamento di circa 60 secondi<\/li>\n<li>Camera di riempimento con rivestimento ceramico per riscaldamento uniforme e delicato<\/li>\n<li>Design ottimizzato per maggiore stabilit\u00e0 durante l&#8217;uso<\/li>\n<li>Temperatura Superbooster preimpostata per sessioni ad alte prestazioni<\/li>\n<\/ul>\n<\/div>\n<div class=\"rh-product-description\">\n<p>Il MIGHTY+ \u00e8 la versione evoluta del collaudato MIGHTY e combina miglioramenti nelle caratteristiche di ricarica e nei materiali con un utilizzo orientato alla praticit\u00e0. Il dispositivo dispone di una porta USB-C e della funzione Supercharge per ricariche pi\u00f9 veloci, mentre il tempo di riscaldamento di circa 60 secondi consente un impiego rapido. La camera di riempimento con rivestimento ceramico favorisce un riscaldamento uniforme e una resa del gusto stabile. L&#8217;involucro rivisto e il design ottimizzato aumentano la stabilit\u00e0 durante l&#8217;uso. \u00c8 disponibile una temperatura Superbooster preimpostata per sessioni ad alte prestazioni. Complessivamente il MIGHTY+ \u00e8 pensato per utenti che cercano un vaporizzatore affidabile con migliore praticit\u00e0 d&#8217;uso quotidiana.<\/p>\n<\/div>\n<div class=\"rh-product-scope-of-delivery\">\n<h3>Contenuto della confezione<\/h3>\n<ul>\n<li>MIGHTY+ versione pi\u00f9 recente<\/li>\n<li>Cavo USB-C USB Tipo C a USB Tipo A<\/li>\n<li>Rete fine piccola 3x<\/li>\n<li>Rete grossa piccola 3x<\/li>\n<li>Anello di tenuta base piccolo 3x<\/li>\n<li>Capsula dosatrice<\/li>\n<li>Spazzolino per la pulizia<\/li>\n<li>Breve manuale d&#8217;uso<\/li>\n<\/ul>\n<\/div>\n<div class=\"rh-product-warranty\">\n<h3>Garanzia<\/h3>\n<p>2 anni di garanzia pi\u00f9 1 anno con registrazione<\/p>\n<\/div>\n","protected":false},"excerpt":{"rendered":"<div class=\"rh-product-highlights\">\n<ul>\n<li>Porta USB-C per ricarica moderna<\/li>\n<li>Funzione Supercharge ricarica all&#8217;80% in 40 minuti<\/li>\n<li>Tempo di riscaldamento di circa 60 secondi<\/li>\n<li>Camera di riempimento con rivestimento ceramico per riscaldamento uniforme e delicato<\/li>\n<li>Design ottimizzato per maggiore stabilit\u00e0 durante l&#8217;uso<\/li>\n<li>Temperatura Superbooster preimpostata per sessioni ad alte prestazioni<\/li>\n<\/ul>\n<\/div>\n<div class=\"rh-product-description\">\n<p>Il MIGHTY+ \u00e8 la versione evoluta del collaudato MIGHTY e combina miglioramenti nelle caratteristiche di ricarica e nei materiali con un utilizzo orientato alla praticit\u00e0. Il dispositivo dispone di una porta USB-C e della funzione Supercharge per ricariche pi\u00f9 veloci, mentre il tempo di riscaldamento di circa 60 secondi consente un impiego rapido. La camera di riempimento con rivestimento ceramico favorisce un riscaldamento uniforme e una resa del gusto stabile. L&#8217;involucro rivisto e il design ottimizzato aumentano la stabilit\u00e0 durante l&#8217;uso. \u00c8 disponibile una temperatura Superbooster preimpostata per sessioni ad alte prestazioni. Complessivamente il MIGHTY+ \u00e8 pensato per utenti che cercano un vaporizzatore affidabile con migliore praticit\u00e0 d&#8217;uso quotidiana.<\/p>\n<\/div>\n<div class=\"rh-product-scope-of-delivery\">\n<h3>Contenuto della confezione<\/h3>\n<ul>\n<li>MIGHTY+ versione pi\u00f9 recente<\/li>\n<li>Cavo USB-C USB Tipo C a USB Tipo A<\/li>\n<li>Rete fine piccola 3x<\/li>\n<li>Rete grossa piccola 3x<\/li>\n<li>Anello di tenuta base piccolo 3x<\/li>\n<li>Capsula dosatrice<\/li>\n<li>Spazzolino per la pulizia<\/li>\n<li>Breve manuale d&#8217;uso<\/li>\n<\/ul>\n<\/div>\n<div class=\"rh-product-warranty\">\n<h3>Garanzia<\/h3>\n<p>2 anni di garanzia pi\u00f9 1 anno con registrazione<\/p>\n<\/div>\n","protected":false},"featured_media":679,"comment_status":"open","ping_status":"closed","template":"","meta":{"_bbp_topic_count":0,"_bbp_reply_count":0,"_bbp_total_topic_count":0,"_bbp_total_reply_count":0,"_bbp_voice_count":0,"_bbp_anonymous_reply_count":0,"_bbp_topic_count_hidden":0,"_bbp_reply_count_hidden":0,"_bbp_forum_subforum_count":0},"product_brand":[51],"product_cat":[33],"product_tag":[90],"class_list":{"0":"post-678","1":"product","2":"type-product","3":"status-publish","4":"has-post-thumbnail","6":"product_brand-storz-bickel","7":"product_cat-vaporizer","8":"product_tag-storz-bickel-mighty","10":"first","11":"instock","12":"taxable","13":"shipping-taxable","14":"purchasable","15":"product-type-simple"},"jetpack_sharing_enabled":true,"_links":{"self":[{"href":"https:\/\/bitcointalker.org\/index.php?rest_route=\/wp\/v2\/product\/678","targetHints":{"allow":["GET"]}}],"collection":[{"href":"https:\/\/bitcointalker.org\/index.php?rest_route=\/wp\/v2\/product"}],"about":[{"href":"https:\/\/bitcointalker.org\/index.php?rest_route=\/wp\/v2\/types\/product"}],"replies":[{"embeddable":true,"href":"https:\/\/bitcointalker.org\/index.php?rest_route=%2Fwp%2Fv2%2Fcomments&post=678"}],"wp:featuredmedia":[{"embeddable":true,"href":"https:\/\/bitcointalker.org\/index.php?rest_route=\/wp\/v2\/media\/679"}],"wp:attachment":[{"href":"https:\/\/bitcointalker.org\/index.php?rest_route=%2Fwp%2Fv2%2Fmedia&parent=678"}],"wp:term":[{"taxonomy":"product_brand","embeddable":true,"href":"https:\/\/bitcointalker.org\/index.php?rest_route=%2Fwp%2Fv2%2Fproduct_brand&post=678"},{"taxonomy":"product_cat","embeddable":true,"href":"https:\/\/bitcointalker.org\/index.php?rest_route=%2Fwp%2Fv2%2Fproduct_cat&post=678"},{"taxonomy":"product_tag","embeddable":true,"href":"https:\/\/bitcointalker.org\/index.php?rest_route=%2Fwp%2Fv2%2Fproduct_tag&post=678"}],"curies":[{"name":"wp","href":"https:\/\/api.w.org\/{rel}","templated":true}]}}