{"id":650,"date":"2026-02-17T17:23:56","date_gmt":"2026-02-17T17:23:56","guid":{"rendered":"https:\/\/bitcointalker.org\/?post_type=product&#038;p=650"},"modified":"2026-02-17T17:24:02","modified_gmt":"2026-02-17T17:24:02","slug":"storz-bickel-crafty-v-2","status":"publish","type":"product","link":"https:\/\/bitcointalker.org\/?product=storz-bickel-crafty-v-2","title":{"rendered":"Storz &#038; Bickel Crafty + V.2"},"content":{"rendered":"<div class=\"rh-product-highlights\">\n<ul>\n<li>Connettore di ricarica USB-C per una ricarica semplificata<\/li>\n<li>Tempo di ricarica ridotto di 25 minuti<\/li>\n<li>Controllo con un solo pulsante per un utilizzo semplice<\/li>\n<li>Tre livelli di temperatura preimpostati<\/li>\n<li>Impostazioni personalizzabili tramite l&#8217;app<\/li>\n<li>Camera di riempimento con rivestimento in ceramica per sessioni dal gusto neutro<\/li>\n<li>Eccellente flusso d&#8217;aria e sapore non alterato<\/li>\n<\/ul>\n<\/div>\n<div class=\"rh-product-description\">\n<p>Il CRAFTY+ Versione 2 a batteria \u00e8 un compagno compatto e facile da trasportare, progettato per utenti che apprezzano la qualit\u00e0 del vaporizzatore e la facilit\u00e0 d&#8217;uso. Il dispositivo offre vapore di alta qualit\u00e0 con sapore non alterato e un flusso d&#8217;aria costante ed efficiente. L&#8217;utilizzo avviene tramite un controllo con un solo pulsante e tre temperature preimpostate consentono una selezione rapida mentre impostazioni personalizzate sono disponibili tramite l&#8217;app. La camera di riempimento con rivestimento ceramico supporta sessioni dal gusto neutro. La connessione USB-C riduce il tempo di ricarica di 25 minuti. L&#8217;app STORZ &amp; BICKEL non \u00e8 attualmente disponibile nell&#8217;Apple App Store. Le impostazioni possono essere regolate tramite la WebApp su https:\/\/www.storz-bickel.com\/app\/web.<\/p>\n<\/div>\n<div class=\"rh-product-scope-of-delivery\">\n<h3>Contenuto della confezione<\/h3>\n<ul>\n<li>CRAFTY+<\/li>\n<li>Cavo USB-C<\/li>\n<li>Guarnizione di fondo piccola 3x<\/li>\n<li>Filtro standard piccolo 3x<\/li>\n<li>Filtro grossolano piccolo 3x<\/li>\n<li>Capsula dosatrice<\/li>\n<li>Spazzolino per la pulizia<\/li>\n<li>Guida rapida<\/li>\n<li>Istruzioni di sicurezza<\/li>\n<\/ul>\n<\/div>\n","protected":false},"excerpt":{"rendered":"<div class=\"rh-product-highlights\">\n<ul>\n<li>Connettore di ricarica USB-C per una ricarica semplificata<\/li>\n<li>Tempo di ricarica ridotto di 25 minuti<\/li>\n<li>Controllo con un solo pulsante per un utilizzo semplice<\/li>\n<li>Tre livelli di temperatura preimpostati<\/li>\n<li>Impostazioni personalizzabili tramite l&#8217;app<\/li>\n<li>Camera di riempimento con rivestimento in ceramica per sessioni dal gusto neutro<\/li>\n<li>Eccellente flusso d&#8217;aria e sapore non alterato<\/li>\n<\/ul>\n<\/div>\n<div class=\"rh-product-description\">\n<p>Il CRAFTY+ Versione 2 a batteria \u00e8 un compagno compatto e facile da trasportare, progettato per utenti che apprezzano la qualit\u00e0 del vaporizzatore e la facilit\u00e0 d&#8217;uso. Il dispositivo offre vapore di alta qualit\u00e0 con sapore non alterato e un flusso d&#8217;aria costante ed efficiente. L&#8217;utilizzo avviene tramite un controllo con un solo pulsante e tre temperature preimpostate consentono una selezione rapida mentre impostazioni personalizzate sono disponibili tramite l&#8217;app. La camera di riempimento con rivestimento ceramico supporta sessioni dal gusto neutro. La connessione USB-C riduce il tempo di ricarica di 25 minuti. L&#8217;app STORZ &amp; BICKEL non \u00e8 attualmente disponibile nell&#8217;Apple App Store. Le impostazioni possono essere regolate tramite la WebApp su https:\/\/www.storz-bickel.com\/app\/web.<\/p>\n<\/div>\n<div class=\"rh-product-scope-of-delivery\">\n<h3>Contenuto della confezione<\/h3>\n<ul>\n<li>CRAFTY+<\/li>\n<li>Cavo USB-C<\/li>\n<li>Guarnizione di fondo piccola 3x<\/li>\n<li>Filtro standard piccolo 3x<\/li>\n<li>Filtro grossolano piccolo 3x<\/li>\n<li>Capsula dosatrice<\/li>\n<li>Spazzolino per la pulizia<\/li>\n<li>Guida rapida<\/li>\n<li>Istruzioni di sicurezza<\/li>\n<\/ul>\n<\/div>\n","protected":false},"featured_media":651,"comment_status":"open","ping_status":"closed","template":"","meta":{"_bbp_topic_count":0,"_bbp_reply_count":0,"_bbp_total_topic_count":0,"_bbp_total_reply_count":0,"_bbp_voice_count":0,"_bbp_anonymous_reply_count":0,"_bbp_topic_count_hidden":0,"_bbp_reply_count_hidden":0,"_bbp_forum_subforum_count":0},"product_brand":[51],"product_cat":[33],"product_tag":[86],"class_list":{"0":"post-650","1":"product","2":"type-product","3":"status-publish","4":"has-post-thumbnail","6":"product_brand-storz-bickel","7":"product_cat-vaporizer","8":"product_tag-storz-bickel-crafty-v-2","10":"first","11":"instock","12":"taxable","13":"shipping-taxable","14":"purchasable","15":"product-type-simple"},"jetpack_sharing_enabled":true,"_links":{"self":[{"href":"https:\/\/bitcointalker.org\/index.php?rest_route=\/wp\/v2\/product\/650","targetHints":{"allow":["GET"]}}],"collection":[{"href":"https:\/\/bitcointalker.org\/index.php?rest_route=\/wp\/v2\/product"}],"about":[{"href":"https:\/\/bitcointalker.org\/index.php?rest_route=\/wp\/v2\/types\/product"}],"replies":[{"embeddable":true,"href":"https:\/\/bitcointalker.org\/index.php?rest_route=%2Fwp%2Fv2%2Fcomments&post=650"}],"wp:featuredmedia":[{"embeddable":true,"href":"https:\/\/bitcointalker.org\/index.php?rest_route=\/wp\/v2\/media\/651"}],"wp:attachment":[{"href":"https:\/\/bitcointalker.org\/index.php?rest_route=%2Fwp%2Fv2%2Fmedia&parent=650"}],"wp:term":[{"taxonomy":"product_brand","embeddable":true,"href":"https:\/\/bitcointalker.org\/index.php?rest_route=%2Fwp%2Fv2%2Fproduct_brand&post=650"},{"taxonomy":"product_cat","embeddable":true,"href":"https:\/\/bitcointalker.org\/index.php?rest_route=%2Fwp%2Fv2%2Fproduct_cat&post=650"},{"taxonomy":"product_tag","embeddable":true,"href":"https:\/\/bitcointalker.org\/index.php?rest_route=%2Fwp%2Fv2%2Fproduct_tag&post=650"}],"curies":[{"name":"wp","href":"https:\/\/api.w.org\/{rel}","templated":true}]}}