{"id":604,"date":"2026-02-16T17:51:50","date_gmt":"2026-02-16T17:51:50","guid":{"rendered":"https:\/\/bitcointalker.org\/?post_type=product&#038;p=604"},"modified":"2026-02-16T17:56:50","modified_gmt":"2026-02-16T17:56:50","slug":"pax-mini-3","status":"publish","type":"product","link":"https:\/\/bitcointalker.org\/?product=pax-mini-3","title":{"rendered":"Pax Mini"},"content":{"rendered":"<div class=\"rh-product-highlights\">\n<ul>\n<li>Controllo della temperatura brevettato che garantisce il riscaldamento senza combustione<\/li>\n<li>Adatto per erbe secche e concentrati<\/li>\n<li>Tempo di riscaldamento di 22 secondi per un utilizzo rapido<\/li>\n<li>Autonomia di oltre due ore per sessioni pi\u00f9 lunghe<\/li>\n<li>Design compatto da tasca con un&#8217;altezza di 93 mm<\/li>\n<li>Capacit\u00e0 del forno di 0,25 g e nuovo design del forno per un riscaldamento pi\u00f9 uniforme<\/li>\n<\/ul>\n<\/div>\n<div class=\"rh-product-description\">\n<p>Il vaporizzatore Pax Mini \u00e8 il risultato di anni di sviluppo ed \u00e8 progettato per estrarre al meglio le propriet\u00e0 delle erbe e dei concentrati. Si utilizza con un solo pulsante, si riscalda rapidamente e previene la combustione grazie al controllo della temperatura brevettato. Il design compatto aumenta la mobilit\u00e0 e la discrezione perch\u00e9 genera meno odore e non produce fumo. Il nuovo design del forno con capacit\u00e0 di 0,25 g e la migliore distribuzione del calore garantiscono tiri uniformi mentre un LED pi\u00f9 grande, la superficie opaca e i bordi arrotondati migliorano la maneggevolezza. La pulizia e la manutenzione sono semplificate dagli schermi 3D inclusi e dalla spazzola in filo metallico.<\/p>\n<\/div>\n<div class=\"rh-product-scope-of-delivery\">\n<h3>Contenuto della confezione<\/h3>\n<ul>\n<li>Dispositivo Pax Mini<\/li>\n<li>Spazzola in filo metallico<\/li>\n<li>Cavo di ricarica USB magnetico<\/li>\n<li>Bocchino piatto<\/li>\n<li>Bocchino rialzato<\/li>\n<li>Schermi 3D<\/li>\n<li>Coperchio standard del forno<\/li>\n<\/ul>\n<\/div>\n","protected":false},"excerpt":{"rendered":"<div class=\"rh-product-highlights\">\n<ul>\n<li>Controllo della temperatura brevettato che garantisce il riscaldamento senza combustione<\/li>\n<li>Adatto per erbe secche e concentrati<\/li>\n<li>Tempo di riscaldamento di 22 secondi per un utilizzo rapido<\/li>\n<li>Autonomia di oltre due ore per sessioni pi\u00f9 lunghe<\/li>\n<li>Design compatto da tasca con un&#8217;altezza di 93 mm<\/li>\n<li>Capacit\u00e0 del forno di 0,25 g e nuovo design del forno per un riscaldamento pi\u00f9 uniforme<\/li>\n<\/ul>\n<\/div>\n<div class=\"rh-product-description\">\n<p>Il vaporizzatore Pax Mini \u00e8 il risultato di anni di sviluppo ed \u00e8 progettato per estrarre al meglio le propriet\u00e0 delle erbe e dei concentrati. Si utilizza con un solo pulsante, si riscalda rapidamente e previene la combustione grazie al controllo della temperatura brevettato. Il design compatto aumenta la mobilit\u00e0 e la discrezione perch\u00e9 genera meno odore e non produce fumo. Il nuovo design del forno con capacit\u00e0 di 0,25 g e la migliore distribuzione del calore garantiscono tiri uniformi mentre un LED pi\u00f9 grande, la superficie opaca e i bordi arrotondati migliorano la maneggevolezza. La pulizia e la manutenzione sono semplificate dagli schermi 3D inclusi e dalla spazzola in filo metallico.<\/p>\n<\/div>\n<div class=\"rh-product-scope-of-delivery\">\n<h3>Contenuto della confezione<\/h3>\n<ul>\n<li>Dispositivo Pax Mini<\/li>\n<li>Spazzola in filo metallico<\/li>\n<li>Cavo di ricarica USB magnetico<\/li>\n<li>Bocchino piatto<\/li>\n<li>Bocchino rialzato<\/li>\n<li>Schermi 3D<\/li>\n<li>Coperchio standard del forno<\/li>\n<\/ul>\n<\/div>\n","protected":false},"featured_media":605,"comment_status":"open","ping_status":"closed","template":"","meta":{"_bbp_topic_count":0,"_bbp_reply_count":0,"_bbp_total_topic_count":0,"_bbp_total_reply_count":0,"_bbp_voice_count":0,"_bbp_anonymous_reply_count":0,"_bbp_topic_count_hidden":0,"_bbp_reply_count_hidden":0,"_bbp_forum_subforum_count":0},"product_brand":[49],"product_cat":[33],"product_tag":[72],"class_list":{"0":"post-604","1":"product","2":"type-product","3":"status-publish","4":"has-post-thumbnail","6":"product_brand-pax","7":"product_cat-vaporizer","8":"product_tag-pax-mini-vaporizzatore","10":"first","11":"instock","12":"taxable","13":"shipping-taxable","14":"purchasable","15":"product-type-simple"},"jetpack_sharing_enabled":true,"_links":{"self":[{"href":"https:\/\/bitcointalker.org\/index.php?rest_route=\/wp\/v2\/product\/604","targetHints":{"allow":["GET"]}}],"collection":[{"href":"https:\/\/bitcointalker.org\/index.php?rest_route=\/wp\/v2\/product"}],"about":[{"href":"https:\/\/bitcointalker.org\/index.php?rest_route=\/wp\/v2\/types\/product"}],"replies":[{"embeddable":true,"href":"https:\/\/bitcointalker.org\/index.php?rest_route=%2Fwp%2Fv2%2Fcomments&post=604"}],"wp:featuredmedia":[{"embeddable":true,"href":"https:\/\/bitcointalker.org\/index.php?rest_route=\/wp\/v2\/media\/605"}],"wp:attachment":[{"href":"https:\/\/bitcointalker.org\/index.php?rest_route=%2Fwp%2Fv2%2Fmedia&parent=604"}],"wp:term":[{"taxonomy":"product_brand","embeddable":true,"href":"https:\/\/bitcointalker.org\/index.php?rest_route=%2Fwp%2Fv2%2Fproduct_brand&post=604"},{"taxonomy":"product_cat","embeddable":true,"href":"https:\/\/bitcointalker.org\/index.php?rest_route=%2Fwp%2Fv2%2Fproduct_cat&post=604"},{"taxonomy":"product_tag","embeddable":true,"href":"https:\/\/bitcointalker.org\/index.php?rest_route=%2Fwp%2Fv2%2Fproduct_tag&post=604"}],"curies":[{"name":"wp","href":"https:\/\/api.w.org\/{rel}","templated":true}]}}