{"id":583,"date":"2026-02-16T16:06:45","date_gmt":"2026-02-16T16:06:45","guid":{"rendered":"https:\/\/bitcointalker.org\/?post_type=product&#038;p=583"},"modified":"2026-02-16T16:06:46","modified_gmt":"2026-02-16T16:06:46","slug":"flowermate-aura","status":"publish","type":"product","link":"https:\/\/bitcointalker.org\/?product=flowermate-aura","title":{"rendered":"Flowermate Aura"},"content":{"rendered":"<div class=\"rh-product-highlights\">\n<ul>\n<li>Display OLED con indicazione precisa di temperatura e batteria<\/li>\n<li>Compatibile con erbe oli concentrati e cere<\/li>\n<li>Elettronica isolata dal canale del vapore per un vapore pi\u00f9 pulito<\/li>\n<li>Batteria 2600 mAh per sessioni fino a due ore ricaricabile via USB<\/li>\n<li>Regolazione della temperatura tramite tasti regolabile tra 40\u00b0C e 230\u00b0C<\/li>\n<li>Capsule ricaricabili in acciaio inox per l&#8217;uso in mobilit\u00e0 capsula per erbe con fori d&#8217;aria fini capsula per cera con cotone biologico<\/li>\n<\/ul>\n<\/div>\n<div class=\"rh-product-description\">\n<p>Il Flowermate Aura \u00e8 un vaporizzatore compatto a forma di penna di Smiss Technology dotato di un display OLED che indica con precisione temperatura e livello della batteria. L&#8217;elettronica \u00e8 separata dal canale del vapore per contribuire a un&#8217;erogazione pi\u00f9 pulita. Il dispositivo \u00e8 adatto per erbe oli concentrati e cere e consente di regolare la temperatura tramite tasti tra 40\u00b0C e 230\u00b0C. La batteria da 2600 mAh permette sessioni fino a due ore e si ricarica con un comune cavo USB. Sono incluse capsule ricaricabili in acciaio inox per il trasporto. L&#8217;Aura offre prestazioni affidabili e un utilizzo semplice con un buon rapporto qualit\u00e0-prezzo.<\/p>\n<\/div>\n<div class=\"rh-product-scope-of-delivery\">\n<h3>Lieferumfang<\/h3>\n<ul>\n<li>Capsule ricaricabili in acciaio inox<\/li>\n<\/ul>\n<\/div>\n","protected":false},"excerpt":{"rendered":"<div class=\"rh-product-highlights\">\n<ul>\n<li>Display OLED con indicazione precisa di temperatura e batteria<\/li>\n<li>Compatibile con erbe oli concentrati e cere<\/li>\n<li>Elettronica isolata dal canale del vapore per un vapore pi\u00f9 pulito<\/li>\n<li>Batteria 2600 mAh per sessioni fino a due ore ricaricabile via USB<\/li>\n<li>Regolazione della temperatura tramite tasti regolabile tra 40\u00b0C e 230\u00b0C<\/li>\n<li>Capsule ricaricabili in acciaio inox per l&#8217;uso in mobilit\u00e0 capsula per erbe con fori d&#8217;aria fini capsula per cera con cotone biologico<\/li>\n<\/ul>\n<\/div>\n<div class=\"rh-product-description\">\n<p>Il Flowermate Aura \u00e8 un vaporizzatore compatto a forma di penna di Smiss Technology dotato di un display OLED che indica con precisione temperatura e livello della batteria. L&#8217;elettronica \u00e8 separata dal canale del vapore per contribuire a un&#8217;erogazione pi\u00f9 pulita. Il dispositivo \u00e8 adatto per erbe oli concentrati e cere e consente di regolare la temperatura tramite tasti tra 40\u00b0C e 230\u00b0C. La batteria da 2600 mAh permette sessioni fino a due ore e si ricarica con un comune cavo USB. Sono incluse capsule ricaricabili in acciaio inox per il trasporto. L&#8217;Aura offre prestazioni affidabili e un utilizzo semplice con un buon rapporto qualit\u00e0-prezzo.<\/p>\n<\/div>\n<div class=\"rh-product-scope-of-delivery\">\n<h3>Lieferumfang<\/h3>\n<ul>\n<li>Capsule ricaricabili in acciaio inox<\/li>\n<\/ul>\n<\/div>\n","protected":false},"featured_media":584,"comment_status":"open","ping_status":"closed","template":"","meta":{"_bbp_topic_count":0,"_bbp_reply_count":0,"_bbp_total_topic_count":0,"_bbp_total_reply_count":0,"_bbp_voice_count":0,"_bbp_anonymous_reply_count":0,"_bbp_topic_count_hidden":0,"_bbp_reply_count_hidden":0,"_bbp_forum_subforum_count":0},"product_brand":[79],"product_cat":[33],"product_tag":[80],"class_list":{"0":"post-583","1":"product","2":"type-product","3":"status-publish","4":"has-post-thumbnail","6":"product_brand-flowermate","7":"product_cat-vaporizer","8":"product_tag-flowermate-aura-vaporizer","10":"first","11":"instock","12":"taxable","13":"shipping-taxable","14":"purchasable","15":"product-type-simple"},"jetpack_sharing_enabled":true,"_links":{"self":[{"href":"https:\/\/bitcointalker.org\/index.php?rest_route=\/wp\/v2\/product\/583","targetHints":{"allow":["GET"]}}],"collection":[{"href":"https:\/\/bitcointalker.org\/index.php?rest_route=\/wp\/v2\/product"}],"about":[{"href":"https:\/\/bitcointalker.org\/index.php?rest_route=\/wp\/v2\/types\/product"}],"replies":[{"embeddable":true,"href":"https:\/\/bitcointalker.org\/index.php?rest_route=%2Fwp%2Fv2%2Fcomments&post=583"}],"wp:featuredmedia":[{"embeddable":true,"href":"https:\/\/bitcointalker.org\/index.php?rest_route=\/wp\/v2\/media\/584"}],"wp:attachment":[{"href":"https:\/\/bitcointalker.org\/index.php?rest_route=%2Fwp%2Fv2%2Fmedia&parent=583"}],"wp:term":[{"taxonomy":"product_brand","embeddable":true,"href":"https:\/\/bitcointalker.org\/index.php?rest_route=%2Fwp%2Fv2%2Fproduct_brand&post=583"},{"taxonomy":"product_cat","embeddable":true,"href":"https:\/\/bitcointalker.org\/index.php?rest_route=%2Fwp%2Fv2%2Fproduct_cat&post=583"},{"taxonomy":"product_tag","embeddable":true,"href":"https:\/\/bitcointalker.org\/index.php?rest_route=%2Fwp%2Fv2%2Fproduct_tag&post=583"}],"curies":[{"name":"wp","href":"https:\/\/api.w.org\/{rel}","templated":true}]}}