{"id":564,"date":"2026-02-16T14:32:41","date_gmt":"2026-02-16T14:32:41","guid":{"rendered":"https:\/\/bitcointalker.org\/?post_type=product&#038;p=564"},"modified":"2026-02-16T14:32:41","modified_gmt":"2026-02-16T14:32:41","slug":"wolkenkraft-live","status":"publish","type":"product","link":"https:\/\/bitcointalker.org\/?product=wolkenkraft-live","title":{"rendered":"Wolkenkraft Live"},"content":{"rendered":"<div class=\"rh-product-highlights\">\n<ul>\n<li>Scocca compatta ed ergonomica con dimensioni 112 x 61 x 33 mm e peso 311 g<\/li>\n<li>Display a colori RGB 1,3 pollici ad alta risoluzione per letture chiare<\/li>\n<li>Sistema di riscaldamento a convezione brevettato combinato con il sistema di raffreddamento COOLSCREEN per vapore fresco<\/li>\n<li>Controllo intuitivo tramite quattro pulsanti e interfaccia utente multilingue<\/li>\n<li>Canale dell&#8217;aria completamente isolato in acciaio inox SS304 e componenti modulari per facile montaggio e pulizia<\/li>\n<li>Gamma di temperatura precisa da 40 \u00b0C a 220 \u00b0C e riscaldamento rapido di circa 40 secondi fino a 180 \u00b0C<\/li>\n<li>Batteria 3000 mAh con ricarica rapida USB-C in meno di 85 minuti e fino a 60 minuti di utilizzo effettivo<\/li>\n<\/ul>\n<\/div>\n<div class=\"rh-product-description\">\n<p>Il Live unisce tecnologia performante a un utilizzo semplice e ampie possibilit\u00e0 di personalizzazione. Il dispositivo impiega la convezione totale e l&#8217;innovativo sistema di raffreddamento COOLSCREEN per garantire sapore pulito con bassa resistenza all&#8217;aspirazione. L&#8217;interfaccia grafica multilingue offre numerose modalit\u00e0 programmabili senza necessitare di un&#8217;app, tra cui controllo timer, feedback aptico, modalit\u00e0 Stealth, modalit\u00e0 EXP per sessioni pi\u00f9 lunghe, My Mode per i preferiti e Sequence per routine automatizzate. Camere intercambiabili in titanio o in quarzo opzionale e componenti modulari rendono pi\u00f9 semplice pulizia e manutenzione.<\/p>\n<\/div>\n<div class=\"rh-product-scope-of-delivery\">\n<h3>Contenuto della confezione<\/h3>\n<ul>\n<li>Wolkenkraft Live Vaporizzatore di precisione Premium<\/li>\n<li>Set di guarnizioni 5&#215;2<\/li>\n<li>Filtro 2x<\/li>\n<li>Aiuto di riempimento Herb Leaf<\/li>\n<li>Contenitore per capsule dosatrici blu notte<\/li>\n<li>Capsula dosatrice per erbe 2x<\/li>\n<li>Cavo USB-C premium<\/li>\n<li>Custodia da trasporto Live<\/li>\n<li>Multi Key<\/li>\n<li>Multi Tool nel dispositivo<\/li>\n<li>Pinzette<\/li>\n<li>Spazzola per la pulizia del canale d&#8217;aria<\/li>\n<li>Spazzola per la camera in legno e setole naturali<\/li>\n<li>Aste per la pulizia 10x<\/li>\n<li>Panno per la pulizia senza alcool 4x<\/li>\n<li>Sticker Release the Power<\/li>\n<li>Manuale utente in 6 lingue DE EN FR ES IT NL<\/li>\n<\/ul>\n<\/div>\n<div class=\"rh-product-warranty\">\n<h3>Garantie<\/h3>\n<p>5 anni di garanzia del produttore esclusi i pezzi soggetti a usura<\/p>\n<\/div>\n","protected":false},"excerpt":{"rendered":"<div class=\"rh-product-highlights\">\n<ul>\n<li>Scocca compatta ed ergonomica con dimensioni 112 x 61 x 33 mm e peso 311 g<\/li>\n<li>Display a colori RGB 1,3 pollici ad alta risoluzione per letture chiare<\/li>\n<li>Sistema di riscaldamento a convezione brevettato combinato con il sistema di raffreddamento COOLSCREEN per vapore fresco<\/li>\n<li>Controllo intuitivo tramite quattro pulsanti e interfaccia utente multilingue<\/li>\n<li>Canale dell&#8217;aria completamente isolato in acciaio inox SS304 e componenti modulari per facile montaggio e pulizia<\/li>\n<li>Gamma di temperatura precisa da 40 \u00b0C a 220 \u00b0C e riscaldamento rapido di circa 40 secondi fino a 180 \u00b0C<\/li>\n<li>Batteria 3000 mAh con ricarica rapida USB-C in meno di 85 minuti e fino a 60 minuti di utilizzo effettivo<\/li>\n<\/ul>\n<\/div>\n<div class=\"rh-product-description\">\n<p>Il Live unisce tecnologia performante a un utilizzo semplice e ampie possibilit\u00e0 di personalizzazione. Il dispositivo impiega la convezione totale e l&#8217;innovativo sistema di raffreddamento COOLSCREEN per garantire sapore pulito con bassa resistenza all&#8217;aspirazione. L&#8217;interfaccia grafica multilingue offre numerose modalit\u00e0 programmabili senza necessitare di un&#8217;app, tra cui controllo timer, feedback aptico, modalit\u00e0 Stealth, modalit\u00e0 EXP per sessioni pi\u00f9 lunghe, My Mode per i preferiti e Sequence per routine automatizzate. Camere intercambiabili in titanio o in quarzo opzionale e componenti modulari rendono pi\u00f9 semplice pulizia e manutenzione.<\/p>\n<\/div>\n<div class=\"rh-product-scope-of-delivery\">\n<h3>Contenuto della confezione<\/h3>\n<ul>\n<li>Wolkenkraft Live Vaporizzatore di precisione Premium<\/li>\n<li>Set di guarnizioni 5&#215;2<\/li>\n<li>Filtro 2x<\/li>\n<li>Aiuto di riempimento Herb Leaf<\/li>\n<li>Contenitore per capsule dosatrici blu notte<\/li>\n<li>Capsula dosatrice per erbe 2x<\/li>\n<li>Cavo USB-C premium<\/li>\n<li>Custodia da trasporto Live<\/li>\n<li>Multi Key<\/li>\n<li>Multi Tool nel dispositivo<\/li>\n<li>Pinzette<\/li>\n<li>Spazzola per la pulizia del canale d&#8217;aria<\/li>\n<li>Spazzola per la camera in legno e setole naturali<\/li>\n<li>Aste per la pulizia 10x<\/li>\n<li>Panno per la pulizia senza alcool 4x<\/li>\n<li>Sticker Release the Power<\/li>\n<li>Manuale utente in 6 lingue DE EN FR ES IT NL<\/li>\n<\/ul>\n<\/div>\n<div class=\"rh-product-warranty\">\n<h3>Garantie<\/h3>\n<p>5 anni di garanzia del produttore esclusi i pezzi soggetti a usura<\/p>\n<\/div>\n","protected":false},"featured_media":565,"comment_status":"open","ping_status":"closed","template":"","meta":{"_bbp_topic_count":0,"_bbp_reply_count":0,"_bbp_total_topic_count":0,"_bbp_total_reply_count":0,"_bbp_voice_count":0,"_bbp_anonymous_reply_count":0,"_bbp_topic_count_hidden":0,"_bbp_reply_count_hidden":0,"_bbp_forum_subforum_count":0},"product_brand":[56],"product_cat":[33],"product_tag":[76],"class_list":{"0":"post-564","1":"product","2":"type-product","3":"status-publish","4":"has-post-thumbnail","6":"product_brand-wolkenkraft","7":"product_cat-vaporizer","8":"product_tag-wolkenkraft-live-vaporizer","10":"first","11":"instock","12":"taxable","13":"shipping-taxable","14":"purchasable","15":"product-type-simple"},"jetpack_sharing_enabled":true,"_links":{"self":[{"href":"https:\/\/bitcointalker.org\/index.php?rest_route=\/wp\/v2\/product\/564","targetHints":{"allow":["GET"]}}],"collection":[{"href":"https:\/\/bitcointalker.org\/index.php?rest_route=\/wp\/v2\/product"}],"about":[{"href":"https:\/\/bitcointalker.org\/index.php?rest_route=\/wp\/v2\/types\/product"}],"replies":[{"embeddable":true,"href":"https:\/\/bitcointalker.org\/index.php?rest_route=%2Fwp%2Fv2%2Fcomments&post=564"}],"wp:featuredmedia":[{"embeddable":true,"href":"https:\/\/bitcointalker.org\/index.php?rest_route=\/wp\/v2\/media\/565"}],"wp:attachment":[{"href":"https:\/\/bitcointalker.org\/index.php?rest_route=%2Fwp%2Fv2%2Fmedia&parent=564"}],"wp:term":[{"taxonomy":"product_brand","embeddable":true,"href":"https:\/\/bitcointalker.org\/index.php?rest_route=%2Fwp%2Fv2%2Fproduct_brand&post=564"},{"taxonomy":"product_cat","embeddable":true,"href":"https:\/\/bitcointalker.org\/index.php?rest_route=%2Fwp%2Fv2%2Fproduct_cat&post=564"},{"taxonomy":"product_tag","embeddable":true,"href":"https:\/\/bitcointalker.org\/index.php?rest_route=%2Fwp%2Fv2%2Fproduct_tag&post=564"}],"curies":[{"name":"wp","href":"https:\/\/api.w.org\/{rel}","templated":true}]}}