{"id":538,"date":"2026-02-15T21:52:58","date_gmt":"2026-02-15T21:52:58","guid":{"rendered":"https:\/\/bitcointalker.org\/?post_type=product&#038;p=538"},"modified":"2026-02-15T21:53:04","modified_gmt":"2026-02-15T21:53:04","slug":"pax-mini-2","status":"publish","type":"product","link":"https:\/\/bitcointalker.org\/?product=pax-mini-2","title":{"rendered":"Pax Mini 2"},"content":{"rendered":"<div class=\"rh-product-highlights\">\n<ul>\n<li>Ultracompatto e leggero con 89 g per facile trasporto<\/li>\n<li>Camera di forno riprogettata con capacit\u00e0 fino a 0,5 g di erba secca<\/li>\n<li>Quattro modalit\u00e0 di riscaldamento intelligenti da 180 a 215 \u00b0C con tecnologia Lipsensing<\/li>\n<li>Tempo di riscaldamento rapido di 22 secondi<\/li>\n<li>Autonomia fino a 60 minuti per carica<\/li>\n<li>Cavo di ricarica USB-C magnetico, carica completa in circa 90 minuti<\/li>\n<li>Feedback aptico e luminosit\u00e0 LED regolabile per un controllo intuitivo<\/li>\n<\/ul>\n<\/div>\n<div class=\"rh-product-description\">\n<p>Il Mini 2 Greenstone \u00e8 un vaporizzatore portatile PAX compatto e robusto, progettato per l&#8217;uso in movimento. Con un peso di 89 g e una scocca sottile, offre una maggiore capacit\u00e0 rispetto al modello precedente grazie a una camera di riscaldamento riprogettata che pu\u00f2 contenere fino a 0,5 g di erba secca. Quattro modalit\u00e0 di riscaldamento intelligenti tra 180 e 215 \u00b0C con tecnologia Lipsensing adattano il riscaldamento allo stile di inalazione. Il dispositivo raggiunge la temperatura di funzionamento in 22 secondi e offre fino a 60 minuti di utilizzo per carica. Si ricarica tramite cavo USB-C magnetico in circa 90 minuti. Il feedback aptico, la luminosit\u00e0 LED regolabile e la pulizia semplice completano l&#8217;esperienza e permettono un uso discreto.<\/p>\n<\/div>\n<div class=\"rh-product-scope-of-delivery\">\n<h3>Contenuto della confezione<\/h3>\n<ul>\n<li>PAX Mini 2 vaporizzatore<\/li>\n<li>cavo di ricarica USB-C magnetico<\/li>\n<li>bocchino piatto<\/li>\n<li>bocchino alto<\/li>\n<li>coperchio del forno<\/li>\n<li>coperchio del forno alto<\/li>\n<li>attrezzo multifunzione<\/li>\n<li>spazzola per la pulizia<\/li>\n<li>schermi del forno 3x<\/li>\n<\/ul>\n<\/div>\n","protected":false},"excerpt":{"rendered":"<div class=\"rh-product-highlights\">\n<ul>\n<li>Ultracompatto e leggero con 89 g per facile trasporto<\/li>\n<li>Camera di forno riprogettata con capacit\u00e0 fino a 0,5 g di erba secca<\/li>\n<li>Quattro modalit\u00e0 di riscaldamento intelligenti da 180 a 215 \u00b0C con tecnologia Lipsensing<\/li>\n<li>Tempo di riscaldamento rapido di 22 secondi<\/li>\n<li>Autonomia fino a 60 minuti per carica<\/li>\n<li>Cavo di ricarica USB-C magnetico, carica completa in circa 90 minuti<\/li>\n<li>Feedback aptico e luminosit\u00e0 LED regolabile per un controllo intuitivo<\/li>\n<\/ul>\n<\/div>\n<div class=\"rh-product-description\">\n<p>Il Mini 2 Greenstone \u00e8 un vaporizzatore portatile PAX compatto e robusto, progettato per l&#8217;uso in movimento. Con un peso di 89 g e una scocca sottile, offre una maggiore capacit\u00e0 rispetto al modello precedente grazie a una camera di riscaldamento riprogettata che pu\u00f2 contenere fino a 0,5 g di erba secca. Quattro modalit\u00e0 di riscaldamento intelligenti tra 180 e 215 \u00b0C con tecnologia Lipsensing adattano il riscaldamento allo stile di inalazione. Il dispositivo raggiunge la temperatura di funzionamento in 22 secondi e offre fino a 60 minuti di utilizzo per carica. Si ricarica tramite cavo USB-C magnetico in circa 90 minuti. Il feedback aptico, la luminosit\u00e0 LED regolabile e la pulizia semplice completano l&#8217;esperienza e permettono un uso discreto.<\/p>\n<\/div>\n<div class=\"rh-product-scope-of-delivery\">\n<h3>Contenuto della confezione<\/h3>\n<ul>\n<li>PAX Mini 2 vaporizzatore<\/li>\n<li>cavo di ricarica USB-C magnetico<\/li>\n<li>bocchino piatto<\/li>\n<li>bocchino alto<\/li>\n<li>coperchio del forno<\/li>\n<li>coperchio del forno alto<\/li>\n<li>attrezzo multifunzione<\/li>\n<li>spazzola per la pulizia<\/li>\n<li>schermi del forno 3x<\/li>\n<\/ul>\n<\/div>\n","protected":false},"featured_media":539,"comment_status":"open","ping_status":"closed","template":"","meta":{"_bbp_topic_count":0,"_bbp_reply_count":0,"_bbp_total_topic_count":0,"_bbp_total_reply_count":0,"_bbp_voice_count":0,"_bbp_anonymous_reply_count":0,"_bbp_topic_count_hidden":0,"_bbp_reply_count_hidden":0,"_bbp_forum_subforum_count":0},"product_brand":[49],"product_cat":[33],"product_tag":[73],"class_list":{"0":"post-538","1":"product","2":"type-product","3":"status-publish","4":"has-post-thumbnail","6":"product_brand-pax","7":"product_cat-vaporizer","8":"product_tag-pax-mini-2-vaporizer","10":"first","11":"instock","12":"taxable","13":"shipping-taxable","14":"purchasable","15":"product-type-simple"},"jetpack_sharing_enabled":true,"_links":{"self":[{"href":"https:\/\/bitcointalker.org\/index.php?rest_route=\/wp\/v2\/product\/538","targetHints":{"allow":["GET"]}}],"collection":[{"href":"https:\/\/bitcointalker.org\/index.php?rest_route=\/wp\/v2\/product"}],"about":[{"href":"https:\/\/bitcointalker.org\/index.php?rest_route=\/wp\/v2\/types\/product"}],"replies":[{"embeddable":true,"href":"https:\/\/bitcointalker.org\/index.php?rest_route=%2Fwp%2Fv2%2Fcomments&post=538"}],"wp:featuredmedia":[{"embeddable":true,"href":"https:\/\/bitcointalker.org\/index.php?rest_route=\/wp\/v2\/media\/539"}],"wp:attachment":[{"href":"https:\/\/bitcointalker.org\/index.php?rest_route=%2Fwp%2Fv2%2Fmedia&parent=538"}],"wp:term":[{"taxonomy":"product_brand","embeddable":true,"href":"https:\/\/bitcointalker.org\/index.php?rest_route=%2Fwp%2Fv2%2Fproduct_brand&post=538"},{"taxonomy":"product_cat","embeddable":true,"href":"https:\/\/bitcointalker.org\/index.php?rest_route=%2Fwp%2Fv2%2Fproduct_cat&post=538"},{"taxonomy":"product_tag","embeddable":true,"href":"https:\/\/bitcointalker.org\/index.php?rest_route=%2Fwp%2Fv2%2Fproduct_tag&post=538"}],"curies":[{"name":"wp","href":"https:\/\/api.w.org\/{rel}","templated":true}]}}