{"id":507,"date":"2026-02-15T21:19:28","date_gmt":"2026-02-15T21:19:28","guid":{"rendered":"https:\/\/bitcointalker.org\/?post_type=product&#038;p=507"},"modified":"2026-02-15T21:39:31","modified_gmt":"2026-02-15T21:39:31","slug":"fenix-2-max","status":"publish","type":"product","link":"https:\/\/bitcointalker.org\/?product=fenix-2-max","title":{"rendered":"Fenix 2 Max"},"content":{"rendered":"<div class=\"rh-product-highlights\">\n<ul>\n<li>Tecnologia a convezione AIR HEATING\u2122 per vaporizzazione completamente priva di combustione<\/li>\n<li>Riscaldamento rapido in circa 30 secondi<\/li>\n<li>Condotto dell&#8217;aria completamente isolato in acciaio inox per separare il vapore dall&#8217;elettronica<\/li>\n<li>Nuovo bocchino magnetico per facile utilizzo e pulizia<\/li>\n<li>Tecnologia di ricarica rapida USB-C<\/li>\n<li>Grande display OLED doppio da 0,96&#8243; che mostra temperatura e durata della sessione<\/li>\n<li>Batteria ad alte prestazioni 4800 mAh per circa il 20% di autonomia in pi\u00f9 rispetto al modello precedente<\/li>\n<\/ul>\n<\/div>\n<div class=\"rh-product-description\">\n<p>Il FENiX 2 MAX \u00e8 l&#8217;evoluzione del FENiX 2.0 e unisce prestazioni migliorate a maggiore comodit\u00e0 d&#8217;uso. La tecnologia a convezione AIR HEATING\u2122 garantisce una vaporizzazione completamente priva di combustione mediante una circolazione uniforme di aria calda, producendo vapore puro e saporito. Il condotto dell&#8217;aria completamente isolato in acciaio inox separa il vapore dall&#8217;elettronica e include un sistema di raffreddamento integrato per un vapore a temperatura gradevole. La batteria da 4800 mAh offre circa il 20% di autonomia in pi\u00f9 e si ricarica pi\u00f9 rapidamente via USB-C, ideale per sessioni pi\u00f9 lunghe. Il bocchino magnetico facilita pulizia e utilizzo. Il display OLED da 0,96&#8243; mostra temperatura e durata della sessione, la temperatura \u00e8 regolabile da 160\u00b0C a 220\u00b0C e il timer da 3 a 7 minuti.<\/p>\n<\/div>\n<div class=\"rh-product-scope-of-delivery\">\n<h3>Contenuto della confezione<\/h3>\n<ul>\n<li>FENiX 2 MAX vaporizzatore<\/li>\n<li>strumento<\/li>\n<li>spazzola per la pulizia<\/li>\n<li>salviette per la pulizia 4x<\/li>\n<li>cavo di ricarica USB-C<\/li>\n<li>manuale d&#8217;uso in tedesco e inglese<\/li>\n<\/ul>\n<\/div>\n","protected":false},"excerpt":{"rendered":"<div class=\"rh-product-highlights\">\n<ul>\n<li>Tecnologia a convezione AIR HEATING\u2122 per vaporizzazione completamente priva di combustione<\/li>\n<li>Riscaldamento rapido in circa 30 secondi<\/li>\n<li>Condotto dell&#8217;aria completamente isolato in acciaio inox per separare il vapore dall&#8217;elettronica<\/li>\n<li>Nuovo bocchino magnetico per facile utilizzo e pulizia<\/li>\n<li>Tecnologia di ricarica rapida USB-C<\/li>\n<li>Grande display OLED doppio da 0,96&#8243; che mostra temperatura e durata della sessione<\/li>\n<li>Batteria ad alte prestazioni 4800 mAh per circa il 20% di autonomia in pi\u00f9 rispetto al modello precedente<\/li>\n<\/ul>\n<\/div>\n<div class=\"rh-product-description\">\n<p>Il FENiX 2 MAX \u00e8 l&#8217;evoluzione del FENiX 2.0 e unisce prestazioni migliorate a maggiore comodit\u00e0 d&#8217;uso. La tecnologia a convezione AIR HEATING\u2122 garantisce una vaporizzazione completamente priva di combustione mediante una circolazione uniforme di aria calda, producendo vapore puro e saporito. Il condotto dell&#8217;aria completamente isolato in acciaio inox separa il vapore dall&#8217;elettronica e include un sistema di raffreddamento integrato per un vapore a temperatura gradevole. La batteria da 4800 mAh offre circa il 20% di autonomia in pi\u00f9 e si ricarica pi\u00f9 rapidamente via USB-C, ideale per sessioni pi\u00f9 lunghe. Il bocchino magnetico facilita pulizia e utilizzo. Il display OLED da 0,96&#8243; mostra temperatura e durata della sessione, la temperatura \u00e8 regolabile da 160\u00b0C a 220\u00b0C e il timer da 3 a 7 minuti.<\/p>\n<\/div>\n<div class=\"rh-product-scope-of-delivery\">\n<h3>Contenuto della confezione<\/h3>\n<ul>\n<li>FENiX 2 MAX vaporizzatore<\/li>\n<li>strumento<\/li>\n<li>spazzola per la pulizia<\/li>\n<li>salviette per la pulizia 4x<\/li>\n<li>cavo di ricarica USB-C<\/li>\n<li>manuale d&#8217;uso in tedesco e inglese<\/li>\n<\/ul>\n<\/div>\n","protected":false},"featured_media":508,"comment_status":"open","ping_status":"closed","template":"","meta":{"_bbp_topic_count":0,"_bbp_reply_count":0,"_bbp_total_topic_count":0,"_bbp_total_reply_count":0,"_bbp_voice_count":0,"_bbp_anonymous_reply_count":0,"_bbp_topic_count_hidden":0,"_bbp_reply_count_hidden":0,"_bbp_forum_subforum_count":0},"product_brand":[68],"product_cat":[33],"product_tag":[69],"class_list":{"0":"post-507","1":"product","2":"type-product","3":"status-publish","4":"has-post-thumbnail","6":"product_brand-fenix","7":"product_cat-vaporizer","8":"product_tag-fenix-2-max-vaporizer","10":"first","11":"instock","12":"taxable","13":"shipping-taxable","14":"purchasable","15":"product-type-simple"},"jetpack_sharing_enabled":true,"_links":{"self":[{"href":"https:\/\/bitcointalker.org\/index.php?rest_route=\/wp\/v2\/product\/507","targetHints":{"allow":["GET"]}}],"collection":[{"href":"https:\/\/bitcointalker.org\/index.php?rest_route=\/wp\/v2\/product"}],"about":[{"href":"https:\/\/bitcointalker.org\/index.php?rest_route=\/wp\/v2\/types\/product"}],"replies":[{"embeddable":true,"href":"https:\/\/bitcointalker.org\/index.php?rest_route=%2Fwp%2Fv2%2Fcomments&post=507"}],"wp:featuredmedia":[{"embeddable":true,"href":"https:\/\/bitcointalker.org\/index.php?rest_route=\/wp\/v2\/media\/508"}],"wp:attachment":[{"href":"https:\/\/bitcointalker.org\/index.php?rest_route=%2Fwp%2Fv2%2Fmedia&parent=507"}],"wp:term":[{"taxonomy":"product_brand","embeddable":true,"href":"https:\/\/bitcointalker.org\/index.php?rest_route=%2Fwp%2Fv2%2Fproduct_brand&post=507"},{"taxonomy":"product_cat","embeddable":true,"href":"https:\/\/bitcointalker.org\/index.php?rest_route=%2Fwp%2Fv2%2Fproduct_cat&post=507"},{"taxonomy":"product_tag","embeddable":true,"href":"https:\/\/bitcointalker.org\/index.php?rest_route=%2Fwp%2Fv2%2Fproduct_tag&post=507"}],"curies":[{"name":"wp","href":"https:\/\/api.w.org\/{rel}","templated":true}]}}