{"id":473,"date":"2026-02-15T00:26:46","date_gmt":"2026-02-15T00:26:46","guid":{"rendered":"https:\/\/bitcointalker.org\/?post_type=product&#038;p=473"},"modified":"2026-02-15T01:03:16","modified_gmt":"2026-02-15T01:03:16","slug":"arizer-extreme-q-vaporizer","status":"publish","type":"product","link":"https:\/\/bitcointalker.org\/?product=arizer-extreme-q-vaporizer","title":{"rendered":"Arizer Extreme Q"},"content":{"rendered":"<div class=\"rh-product-highlights\">\n<ul>\n<li>Version rivista aggiornata nel 2020<\/li>\n<li>Funzionamento molto silenzioso in modalit\u00e0 pallone<\/li>\n<li>Tre sensori di temperatura per riscaldamento uniforme<\/li>\n<li>Telecomando per un controllo comodo<\/li>\n<li>Elemento riscaldante in ceramica durevole<\/li>\n<li>Scocca in acciaio inossidabile a doppia parete e spegnimento automatico<\/li>\n<\/ul>\n<\/div>\n<div class=\"rh-product-description\">\n<p>Extreme Q di Arizer \u00e8 una versione rivista aggiornata nel 2020 che migliora il modello originale. I principali aggiornamenti includono un funzionamento molto pi\u00f9 silenzioso soprattutto in modalit\u00e0 pallone e l&#8217;integrazione di tre sensori di temperatura per prestazioni di riscaldamento pi\u00f9 uniformi. Il telecomando consente di controllare comodamente tutte le funzioni e il piatto aroma in vetro pu\u00f2 trasformare l&#8217;unit\u00e0 in una lampada profumata in modo opzionale. Il dispositivo \u00e8 dotato di un elemento riscaldante in ceramica durevole e di una scocca in acciaio inossidabile a doppia parete che evita il contatto accidentale con parti calde. Lo spegnimento automatico riduce il rischio di surriscaldamento e l&#8217;unit\u00e0 offre modalit\u00e0 d&#8217;uso flessibili per pallone e whip.<\/p>\n<\/div>\n<div class=\"rh-product-scope-of-delivery\">\n<h3>Contenuto della confezione<\/h3>\n<ul>\n<li>Unit\u00e0 di riscaldamento da tavolo multifunzione Extreme Q<\/li>\n<li>Alimentatore 19V<\/li>\n<li>Telecomando<\/li>\n<li>Glass Cyclone Bowl<\/li>\n<li>Piatto aroma in vetro<\/li>\n<li>Tubo in silicone bocchini whip in vetro sostituibili e mini whip<\/li>\n<li>Pallone assemblato con bocchino in vetro asta mescolatrice in vetro filtri di ricambio e manuale d&#8217;uso<\/li>\n<\/ul>\n<\/div>\n<div class=\"rh-product-warranty\">\n<h3>Garanzia<\/h3>\n<p>Arizer fornisce garanzia a vita sull&#8217;elemento riscaldante in ceramica in Canada e negli Stati Uniti.<\/p>\n<\/div>\n","protected":false},"excerpt":{"rendered":"<div class=\"rh-product-highlights\">\n<ul>\n<li>Version rivista aggiornata nel 2020<\/li>\n<li>Funzionamento molto silenzioso in modalit\u00e0 pallone<\/li>\n<li>Tre sensori di temperatura per riscaldamento uniforme<\/li>\n<li>Telecomando per un controllo comodo<\/li>\n<li>Elemento riscaldante in ceramica durevole<\/li>\n<li>Scocca in acciaio inossidabile a doppia parete e spegnimento automatico<\/li>\n<\/ul>\n<\/div>\n<div class=\"rh-product-description\">\n<p>Extreme Q di Arizer \u00e8 una versione rivista aggiornata nel 2020 che migliora il modello originale. I principali aggiornamenti includono un funzionamento molto pi\u00f9 silenzioso soprattutto in modalit\u00e0 pallone e l&#8217;integrazione di tre sensori di temperatura per prestazioni di riscaldamento pi\u00f9 uniformi. Il telecomando consente di controllare comodamente tutte le funzioni e il piatto aroma in vetro pu\u00f2 trasformare l&#8217;unit\u00e0 in una lampada profumata in modo opzionale. Il dispositivo \u00e8 dotato di un elemento riscaldante in ceramica durevole e di una scocca in acciaio inossidabile a doppia parete che evita il contatto accidentale con parti calde. Lo spegnimento automatico riduce il rischio di surriscaldamento e l&#8217;unit\u00e0 offre modalit\u00e0 d&#8217;uso flessibili per pallone e whip.<\/p>\n<\/div>\n<div class=\"rh-product-scope-of-delivery\">\n<h3>Contenuto della confezione<\/h3>\n<ul>\n<li>Unit\u00e0 di riscaldamento da tavolo multifunzione Extreme Q<\/li>\n<li>Alimentatore 19V<\/li>\n<li>Telecomando<\/li>\n<li>Glass Cyclone Bowl<\/li>\n<li>Piatto aroma in vetro<\/li>\n<li>Tubo in silicone bocchini whip in vetro sostituibili e mini whip<\/li>\n<li>Pallone assemblato con bocchino in vetro asta mescolatrice in vetro filtri di ricambio e manuale d&#8217;uso<\/li>\n<\/ul>\n<\/div>\n<div class=\"rh-product-warranty\">\n<h3>Garanzia<\/h3>\n<p>Arizer fornisce garanzia a vita sull&#8217;elemento riscaldante in ceramica in Canada e negli Stati Uniti.<\/p>\n<\/div>\n","protected":false},"featured_media":474,"comment_status":"open","ping_status":"closed","template":"","meta":{"_bbp_topic_count":0,"_bbp_reply_count":0,"_bbp_total_topic_count":0,"_bbp_total_reply_count":0,"_bbp_voice_count":0,"_bbp_anonymous_reply_count":0,"_bbp_topic_count_hidden":0,"_bbp_reply_count_hidden":0,"_bbp_forum_subforum_count":0},"product_brand":[46],"product_cat":[33],"product_tag":[63],"class_list":{"0":"post-473","1":"product","2":"type-product","3":"status-publish","4":"has-post-thumbnail","6":"product_brand-arizer","7":"product_cat-vaporizer","8":"product_tag-arizer-extreme-q-vaporizer","10":"first","11":"instock","12":"taxable","13":"shipping-taxable","14":"purchasable","15":"product-type-simple"},"jetpack_sharing_enabled":true,"_links":{"self":[{"href":"https:\/\/bitcointalker.org\/index.php?rest_route=\/wp\/v2\/product\/473","targetHints":{"allow":["GET"]}}],"collection":[{"href":"https:\/\/bitcointalker.org\/index.php?rest_route=\/wp\/v2\/product"}],"about":[{"href":"https:\/\/bitcointalker.org\/index.php?rest_route=\/wp\/v2\/types\/product"}],"replies":[{"embeddable":true,"href":"https:\/\/bitcointalker.org\/index.php?rest_route=%2Fwp%2Fv2%2Fcomments&post=473"}],"wp:featuredmedia":[{"embeddable":true,"href":"https:\/\/bitcointalker.org\/index.php?rest_route=\/wp\/v2\/media\/474"}],"wp:attachment":[{"href":"https:\/\/bitcointalker.org\/index.php?rest_route=%2Fwp%2Fv2%2Fmedia&parent=473"}],"wp:term":[{"taxonomy":"product_brand","embeddable":true,"href":"https:\/\/bitcointalker.org\/index.php?rest_route=%2Fwp%2Fv2%2Fproduct_brand&post=473"},{"taxonomy":"product_cat","embeddable":true,"href":"https:\/\/bitcointalker.org\/index.php?rest_route=%2Fwp%2Fv2%2Fproduct_cat&post=473"},{"taxonomy":"product_tag","embeddable":true,"href":"https:\/\/bitcointalker.org\/index.php?rest_route=%2Fwp%2Fv2%2Fproduct_tag&post=473"}],"curies":[{"name":"wp","href":"https:\/\/api.w.org\/{rel}","templated":true}]}}