{"id":352,"date":"2026-01-29T23:39:50","date_gmt":"2026-01-29T23:39:50","guid":{"rendered":"https:\/\/bitcointalker.org\/?post_type=product&#038;p=352"},"modified":"2026-02-15T22:11:26","modified_gmt":"2026-02-15T22:11:26","slug":"pax-plus-complete-kit-onyx","status":"publish","type":"product","link":"https:\/\/bitcointalker.org\/?product=pax-plus-complete-kit-onyx","title":{"rendered":"PAX Plus Complete Kit"},"content":{"rendered":"<h2>Il vaporizzatore portatile per eccellenza<\/h2>\n<p>Il PAX Plus combina una moltitudine di funzioni in un design elegante e semplice. Con le nuove modalit\u00e0 di esperienza integrate, \u00e8 possibile scegliere diverse combinazioni di aroma e vapore con la semplice pressione di un pulsante. I sofisticati miglioramenti del design includono un display a LED pi\u00f9 grande, una morbida finitura opaca, nuovi bocchini in tinta e bordi arrotondati che rendono il PAX Plus pi\u00f9 facile da tenere in mano.<\/p>\n<h3>Pi\u00f9 flessibilit\u00e0 e pi\u00f9 gusto<\/h3>\n<p>Il PAX Plus offre un&#8217;esperienza completa di fiori e concentrati forti dallo stesso dispositivo. Il PAX Plus \u00e8 dotato di camere per erbe da 0,25 g e 0,5 g per offrire una maggiore flessibilit\u00e0 per le sessioni in solitaria o condivise. L&#8217;adattatore per concentrati incluso consente di utilizzare facilmente concentrati solidi e cerosi e garantisce sapori, aromi e potenza costanti, senza il controllo della temperatura brevettato, che risulta in una fumata dura.<\/p>\n<h3>Esperienza semplificata<\/h3>\n<p>PAX Plus dispone di quattro modalit\u00e0 di esperienza integrate che offrono un maggiore controllo sulle sessioni. Non \u00e8 necessaria alcuna applicazione e un solo pulsante vi offre quattro opzioni per scegliere la vostra combinazione ideale di vapore e sapore.<\/p>\n<h3>Caratteristiche:<\/h3>\n<ul>\n<li>Modalit\u00e0 Stealth: riduce al minimo il vapore e oscura i LED per la massima discrezione.<\/li>\n<li>Modalit\u00e0 Efficienza: ottimizza la produzione di vapore ed \u00e8 delicata per le apparecchiature.<\/li>\n<li>Modalit\u00e0 Flavour: mette in risalto i sapori con una vaporizzazione on-demand.<\/li>\n<li>Modalit\u00e0 Boost: \u00e8 ideale per i concentrati e produce il massimo del vapore.<\/li>\n<\/ul>\n<h3>Meno schifezze. Pi\u00f9 divertimento.<\/h3>\n<p>Il PAX Plus \u00e8 dotato di una nuova griglia 3D e di un design multiutensile migliorato che ne facilita la pulizia. La griglia 3D \u00e8 pi\u00f9 facile da rimuovere e la spazzola metallica in dotazione consente una rapida pulizia del PAX Plus. Il multiutensile in dotazione ha bordi arrotondati che rendono lo svuotamento e la pulizia del forno pi\u00f9 semplice che mai.<\/p>\n<h3>L&#8217;alimentatore in formato tascabile<\/h3>\n<p>Il PAX Plus \u00e8 facile da portare con s\u00e9. Con una durata della batteria di oltre due ore e un tempo di riscaldamento di 22 secondi, potrete godervi sessioni rapide e semplici. Grazie al coperchio magnetico del forno, il PAX Plus \u00e8 sempre pronto all&#8217;uso, ovunque vi troviate.<\/p>\n<h3>Uso discreto<\/h3>\n<p>PAX Plus offre molte funzioni in un dispositivo che sta facilmente in tasca. Basta accenderlo, fare una boccata e spegnerlo di nuovo. PAX Plus non produce fumo e produce molti meno odori dei prodotti a combustione, quindi potete tirare una boccata quando e dove volete. Insieme alla garanzia di 10 anni, PAX Plus \u00e8 la combinazione ideale di prestazioni, portabilit\u00e0 e tranquillit\u00e0. Se volete portare le vostre sessioni di fiori e concentrati a un livello superiore, PAX Plus potrebbe essere il vaporizzatore portatile per erbe e concentrati che fa per voi.<\/p>\n<h3>Contenuto della consegna<\/h3>\n<ul>\n<li>1x Vaporizzatore Pax PLUS<\/li>\n<li>Spazzola metallica<\/li>\n<li>Cavo di ricarica USB magnetico<\/li>\n<li>Bocchino piatto<\/li>\n<li>Bocchino rialzato<\/li>\n<li>Schermi 3D<\/li>\n<li>Coperchio del forno standard<\/li>\n<li>Coperchio del forno profondo<\/li>\n<li>Inserto per concentrati<\/li>\n<li>Attrezzo multiplo<\/li>\n<\/ul>\n","protected":false},"excerpt":{"rendered":"<h2>Il vaporizzatore portatile per eccellenza<\/h2>\n<p>Il PAX Plus combina una moltitudine di funzioni in un design elegante e semplice. Con le nuove modalit\u00e0 di esperienza integrate, \u00e8 possibile scegliere diverse combinazioni di aroma e vapore con la semplice pressione di un pulsante. I sofisticati miglioramenti del design includono un display a LED pi\u00f9 grande, una morbida finitura opaca, nuovi bocchini in tinta e bordi arrotondati che rendono il PAX Plus pi\u00f9 facile da tenere in mano.<\/p>\n<h3>Pi\u00f9 flessibilit\u00e0 e pi\u00f9 gusto<\/h3>\n<p>Il PAX Plus offre un&#8217;esperienza completa di fiori e concentrati forti dallo stesso dispositivo. Il PAX Plus \u00e8 dotato di camere per erbe da 0,25 g e 0,5 g per offrire una maggiore flessibilit\u00e0 per le sessioni in solitaria o condivise. L&#8217;adattatore per concentrati incluso consente di utilizzare facilmente concentrati solidi e cerosi e garantisce sapori, aromi e potenza costanti, senza il controllo della temperatura brevettato, che risulta in una fumata dura.<\/p>\n<h3>Esperienza semplificata<\/h3>\n<p>PAX Plus dispone di quattro modalit\u00e0 di esperienza integrate che offrono un maggiore controllo sulle sessioni. Non \u00e8 necessaria alcuna applicazione e un solo pulsante vi offre quattro opzioni per scegliere la vostra combinazione ideale di vapore e sapore.<\/p>\n<h3>Caratteristiche:<\/h3>\n<ul>\n<li>Modalit\u00e0 Stealth: riduce al minimo il vapore e oscura i LED per la massima discrezione.<\/li>\n<li>Modalit\u00e0 Efficienza: ottimizza la produzione di vapore ed \u00e8 delicata per le apparecchiature.<\/li>\n<li>Modalit\u00e0 Flavour: mette in risalto i sapori con una vaporizzazione on-demand.<\/li>\n<li>Modalit\u00e0 Boost: \u00e8 ideale per i concentrati e produce il massimo del vapore.<\/li>\n<\/ul>\n<h3>Meno schifezze. Pi\u00f9 divertimento.<\/h3>\n<p>Il PAX Plus \u00e8 dotato di una nuova griglia 3D e di un design multiutensile migliorato che ne facilita la pulizia. La griglia 3D \u00e8 pi\u00f9 facile da rimuovere e la spazzola metallica in dotazione consente una rapida pulizia del PAX Plus. Il multiutensile in dotazione ha bordi arrotondati che rendono lo svuotamento e la pulizia del forno pi\u00f9 semplice che mai.<\/p>\n<h3>L&#8217;alimentatore in formato tascabile<\/h3>\n<p>Il PAX Plus \u00e8 facile da portare con s\u00e9. Con una durata della batteria di oltre due ore e un tempo di riscaldamento di 22 secondi, potrete godervi sessioni rapide e semplici. Grazie al coperchio magnetico del forno, il PAX Plus \u00e8 sempre pronto all&#8217;uso, ovunque vi troviate.<\/p>\n<h3>Uso discreto<\/h3>\n<p>PAX Plus offre molte funzioni in un dispositivo che sta facilmente in tasca. Basta accenderlo, fare una boccata e spegnerlo di nuovo. PAX Plus non produce fumo e produce molti meno odori dei prodotti a combustione, quindi potete tirare una boccata quando e dove volete. Insieme alla garanzia di 10 anni, PAX Plus \u00e8 la combinazione ideale di prestazioni, portabilit\u00e0 e tranquillit\u00e0. Se volete portare le vostre sessioni di fiori e concentrati a un livello superiore, PAX Plus potrebbe essere il vaporizzatore portatile per erbe e concentrati che fa per voi.<\/p>\n<h3>Contenuto della consegna<\/h3>\n<ul>\n<li>1x Vaporizzatore Pax PLUS<\/li>\n<li>Spazzola metallica<\/li>\n<li>Cavo di ricarica USB magnetico<\/li>\n<li>Bocchino piatto<\/li>\n<li>Bocchino rialzato<\/li>\n<li>Schermi 3D<\/li>\n<li>Coperchio del forno standard<\/li>\n<li>Coperchio del forno profondo<\/li>\n<li>Inserto per concentrati<\/li>\n<li>Attrezzo multiplo<\/li>\n<\/ul>\n","protected":false},"featured_media":353,"comment_status":"open","ping_status":"closed","template":"","meta":{"_bbp_topic_count":0,"_bbp_reply_count":0,"_bbp_total_topic_count":0,"_bbp_total_reply_count":0,"_bbp_voice_count":0,"_bbp_anonymous_reply_count":0,"_bbp_topic_count_hidden":0,"_bbp_reply_count_hidden":0,"_bbp_forum_subforum_count":0},"product_brand":[49],"product_cat":[33],"product_tag":[50],"class_list":{"0":"post-352","1":"product","2":"type-product","3":"status-publish","4":"has-post-thumbnail","6":"product_brand-pax","7":"product_cat-vaporizer","8":"product_tag-pax-plus-complete-kit-periwinkle","10":"first","11":"instock","12":"taxable","13":"shipping-taxable","14":"purchasable","15":"product-type-simple"},"jetpack_sharing_enabled":true,"_links":{"self":[{"href":"https:\/\/bitcointalker.org\/index.php?rest_route=\/wp\/v2\/product\/352","targetHints":{"allow":["GET"]}}],"collection":[{"href":"https:\/\/bitcointalker.org\/index.php?rest_route=\/wp\/v2\/product"}],"about":[{"href":"https:\/\/bitcointalker.org\/index.php?rest_route=\/wp\/v2\/types\/product"}],"replies":[{"embeddable":true,"href":"https:\/\/bitcointalker.org\/index.php?rest_route=%2Fwp%2Fv2%2Fcomments&post=352"}],"wp:featuredmedia":[{"embeddable":true,"href":"https:\/\/bitcointalker.org\/index.php?rest_route=\/wp\/v2\/media\/353"}],"wp:attachment":[{"href":"https:\/\/bitcointalker.org\/index.php?rest_route=%2Fwp%2Fv2%2Fmedia&parent=352"}],"wp:term":[{"taxonomy":"product_brand","embeddable":true,"href":"https:\/\/bitcointalker.org\/index.php?rest_route=%2Fwp%2Fv2%2Fproduct_brand&post=352"},{"taxonomy":"product_cat","embeddable":true,"href":"https:\/\/bitcointalker.org\/index.php?rest_route=%2Fwp%2Fv2%2Fproduct_cat&post=352"},{"taxonomy":"product_tag","embeddable":true,"href":"https:\/\/bitcointalker.org\/index.php?rest_route=%2Fwp%2Fv2%2Fproduct_tag&post=352"}],"curies":[{"name":"wp","href":"https:\/\/api.w.org\/{rel}","templated":true}]}}