{"id":343,"date":"2026-01-29T23:02:54","date_gmt":"2026-01-29T23:02:54","guid":{"rendered":"https:\/\/bitcointalker.org\/?post_type=product&#038;p=343"},"modified":"2026-02-15T22:11:51","modified_gmt":"2026-02-15T22:11:51","slug":"arizer-solo-3-version-2-0-uk-sea-of-green","status":"publish","type":"product","link":"https:\/\/bitcointalker.org\/?product=arizer-solo-3-version-2-0-uk-sea-of-green","title":{"rendered":"Arizer Solo 3 Version 2.0"},"content":{"rendered":"<p>Il Solo III versione 2.0 \u00e8 la versione aggiornata del vaporizzatore portatile pi\u00f9 potente e avanzato di Arizer.<\/p>\n<p>Il Solo III presenta innovazioni rivoluzionarie nella tecnologia di riscaldamento, un sistema operativo nuovo e migliorato con un ampio display a colori, una modalit\u00e0 di sessione con nuove temperature preimpostate programmabili, una nuova modalit\u00e0 on-demand, il nuovo sistema di cialde in vetro XL con capacit\u00e0 doppia e flusso d&#8217;aria migliorato, la ricarica USB-C, l&#8217;utilizzo durante la ricarica e un&#8217;impressionante durata della batteria di tre ore per carica.<\/p>\n<h3>Novit\u00e0 della versione 2.0<\/h3>\n<ul>\n<li>Funzionamento &#8220;on-demand&#8221; in tempo reale con profili preimpostati regolabili<\/li>\n<li>&#8220;Session Toggle&#8221; per un controllo esteso della sessione di lavoro<\/li>\n<li>Sistema operativo ottimizzato per una gestione ancora migliore<\/li>\n<li>Ricarica migliorata grazie alle specifiche universali USB-C PD (power delivery)<\/li>\n<\/ul>\n<h3>Contenuto della fornitura<\/h3>\n<ul>\n<li>1 x Solo III<\/li>\n<li>1 x manuale d&#8217;uso di Solo III<\/li>\n<li>1 caricatore USB-C (5V, 3A)<\/li>\n<li>1 x tubo per aromi in vetro XL (90 mm)<\/li>\n<li>1 x Tubo per aromi in vetro smerigliato XL (14 mm)<\/li>\n<li>1 x tubo per aromi in vetro Air \/ Solo (90 mm)<\/li>\n<li>1 x tubo per aromi in vetro smerigliato Air \/ Solo (14 mm)<\/li>\n<li>4 x tappi in silicone per stelo Air \/ Solo<\/li>\n<li>2 x tubo in PVC con tappo (misura 90 mm)<\/li>\n<li>2 x tubo in PVC con coperchio (misura 70 mm)<\/li>\n<li>1 x strumento di agitazione in acciaio inox<\/li>\n<li>4 x reti filtranti in acciaio inox Air \/ Solo<\/li>\n<\/ul>\n","protected":false},"excerpt":{"rendered":"<p>Il Solo III versione 2.0 \u00e8 la versione aggiornata del vaporizzatore portatile pi\u00f9 potente e avanzato di Arizer.<\/p>\n<p>Il Solo III presenta innovazioni rivoluzionarie nella tecnologia di riscaldamento, un sistema operativo nuovo e migliorato con un ampio display a colori, una modalit\u00e0 di sessione con nuove temperature preimpostate programmabili, una nuova modalit\u00e0 on-demand, il nuovo sistema di cialde in vetro XL con capacit\u00e0 doppia e flusso d&#8217;aria migliorato, la ricarica USB-C, l&#8217;utilizzo durante la ricarica e un&#8217;impressionante durata della batteria di tre ore per carica.<\/p>\n<h3>Novit\u00e0 della versione 2.0<\/h3>\n<ul>\n<li>Funzionamento &#8220;on-demand&#8221; in tempo reale con profili preimpostati regolabili<\/li>\n<li>&#8220;Session Toggle&#8221; per un controllo esteso della sessione di lavoro<\/li>\n<li>Sistema operativo ottimizzato per una gestione ancora migliore<\/li>\n<li>Ricarica migliorata grazie alle specifiche universali USB-C PD (power delivery)<\/li>\n<\/ul>\n<h3>Contenuto della fornitura<\/h3>\n<ul>\n<li>1 x Solo III<\/li>\n<li>1 x manuale d&#8217;uso di Solo III<\/li>\n<li>1 caricatore USB-C (5V, 3A)<\/li>\n<li>1 x tubo per aromi in vetro XL (90 mm)<\/li>\n<li>1 x Tubo per aromi in vetro smerigliato XL (14 mm)<\/li>\n<li>1 x tubo per aromi in vetro Air \/ Solo (90 mm)<\/li>\n<li>1 x tubo per aromi in vetro smerigliato Air \/ Solo (14 mm)<\/li>\n<li>4 x tappi in silicone per stelo Air \/ Solo<\/li>\n<li>2 x tubo in PVC con tappo (misura 90 mm)<\/li>\n<li>2 x tubo in PVC con coperchio (misura 70 mm)<\/li>\n<li>1 x strumento di agitazione in acciaio inox<\/li>\n<li>4 x reti filtranti in acciaio inox Air \/ Solo<\/li>\n<\/ul>\n","protected":false},"featured_media":344,"comment_status":"open","ping_status":"closed","template":"","meta":{"_bbp_topic_count":0,"_bbp_reply_count":0,"_bbp_total_topic_count":0,"_bbp_total_reply_count":0,"_bbp_voice_count":0,"_bbp_anonymous_reply_count":0,"_bbp_topic_count_hidden":0,"_bbp_reply_count_hidden":0,"_bbp_forum_subforum_count":0},"product_brand":[46],"product_cat":[33],"product_tag":[48],"class_list":{"0":"post-343","1":"product","2":"type-product","3":"status-publish","4":"has-post-thumbnail","6":"product_brand-arizer","7":"product_cat-vaporizer","8":"product_tag-arizer-solo-3-version-2-0-uk-sea-of-green","10":"first","11":"instock","12":"taxable","13":"shipping-taxable","14":"purchasable","15":"product-type-simple"},"jetpack_sharing_enabled":true,"_links":{"self":[{"href":"https:\/\/bitcointalker.org\/index.php?rest_route=\/wp\/v2\/product\/343","targetHints":{"allow":["GET"]}}],"collection":[{"href":"https:\/\/bitcointalker.org\/index.php?rest_route=\/wp\/v2\/product"}],"about":[{"href":"https:\/\/bitcointalker.org\/index.php?rest_route=\/wp\/v2\/types\/product"}],"replies":[{"embeddable":true,"href":"https:\/\/bitcointalker.org\/index.php?rest_route=%2Fwp%2Fv2%2Fcomments&post=343"}],"wp:featuredmedia":[{"embeddable":true,"href":"https:\/\/bitcointalker.org\/index.php?rest_route=\/wp\/v2\/media\/344"}],"wp:attachment":[{"href":"https:\/\/bitcointalker.org\/index.php?rest_route=%2Fwp%2Fv2%2Fmedia&parent=343"}],"wp:term":[{"taxonomy":"product_brand","embeddable":true,"href":"https:\/\/bitcointalker.org\/index.php?rest_route=%2Fwp%2Fv2%2Fproduct_brand&post=343"},{"taxonomy":"product_cat","embeddable":true,"href":"https:\/\/bitcointalker.org\/index.php?rest_route=%2Fwp%2Fv2%2Fproduct_cat&post=343"},{"taxonomy":"product_tag","embeddable":true,"href":"https:\/\/bitcointalker.org\/index.php?rest_route=%2Fwp%2Fv2%2Fproduct_tag&post=343"}],"curies":[{"name":"wp","href":"https:\/\/api.w.org\/{rel}","templated":true}]}}