{"id":256,"date":"2026-01-27T16:20:29","date_gmt":"2026-01-27T16:20:29","guid":{"rendered":"https:\/\/bitcointalker.org\/?post_type=product&#038;p=256"},"modified":"2026-02-15T22:13:31","modified_gmt":"2026-02-15T22:13:31","slug":"puffco-new-peak-pine-verde","status":"publish","type":"product","link":"https:\/\/bitcointalker.org\/?product=puffco-new-peak-pine-verde","title":{"rendered":"Puffco New Peak"},"content":{"rendered":"<div class=\"grid12-6\">\n<h2>Puffco New Peak &#8211; Pine (verde)<\/h2>\n<div>Il nuovo Puffco New Peak \u00e8 l&#8217;esperienza di svapo pi\u00f9 semplice di sempre. Pi\u00f9 intelligente, pi\u00f9 semplice e pi\u00f9 comodo da tenere in mano, il nostro vaporizzatore intelligente originale \u00e8 ora dotato di una camera 3D, di un tappo a joystick e di un controllo della temperatura in tempo reale. Grazie al funzionamento continuo con un solo pulsante, al filtraggio dell&#8217;acqua di prima qualit\u00e0 e alle quattro preimpostazioni di calore selezionabili, il Peak rende facile gustare i concentrati, ogni volta.<\/div>\n<div><\/div>\n<div>Il Puffco New Peak \u00e8 un vaporizzatore innovativo per i concentrati. Il concetto \u00e8 stato amorevolmente perfezionato in casa dagli stessi inventori. Il percorso dell&#8217;aria \u00e8 privo di adesivi, fibre o sostanze chimiche. Il filtro ad acqua integrato raffredda piacevolmente il vapore prima di ogni inalazione. Il Puffco Peak pu\u00f2 essere classificato tra un dispositivo portatile e uno da tavolo, poich\u00e9 la sua forma e il suo volume ricordano pi\u00f9 un dispositivo domestico. Tuttavia, le sue dimensioni favoriscono il filtraggio e la qualit\u00e0 dell&#8217;acqua. Il vaporizzatore pu\u00f2 essere utilizzato da pi\u00f9 persone grazie alla speciale modalit\u00e0 &#8220;sesh&#8221;. Questa modalit\u00e0 aumenta automaticamente il calore e la durata della sessione.<\/div>\n<div><\/div>\n<\/div>\n<div class=\"grid12-12\">\n<div class=\"grid12-12\">La temperatura pu\u00f2 essere impostata su 4 livelli diversi, a seconda della quantit\u00e0 che si desidera svapare. Bassa 230\u00b0C, Media 260\u00b0C, Alta 287\u00b0C e Picco 315\u00b0C. Il Peak utilizza LED colorati per indicare la temperatura corrente. La batteria di Peak si ricarica in 2 ore grazie alla ricarica rapida USB-C e dura circa 38 dabs. Per l&#8217;uso, il filtro dell&#8217;acqua va riempito fino ai fori dell&#8217;aria. Il dispositivo deve essere sempre scollegato durante questo processo. Il bicchiere viene quindi posizionato sul dispositivo e il materiale viene inserito nella camera con lo strumento di riempimento.<\/div>\n<div class=\"grid12-12\">\n<div class=\"grid12-12\">\n<div class=\"Box2\">\n<h3>Contenuto della fornitura<\/h3>\n<ul>\n<li>1 vaporizzatore Puffco Peak<\/li>\n<li>1x Puffco Peak Glass 2.0<\/li>\n<li>1 camera 3D Puffco Peak<\/li>\n<li>1x Puffco Peak Joystick Cap<\/li>\n<li>1x Strumento per camera Puffco Peak<\/li>\n<li>1 cavo di ricarica USB-C<\/li>\n<li>Bastoncini di cotone per la pulizia<\/li>\n<li>Manuale d&#8217;uso rapido<\/li>\n<\/ul>\n<\/div>\n<\/div>\n<\/div>\n<\/div>\n","protected":false},"excerpt":{"rendered":"<div class=\"grid12-6\">\n<h2>Puffco New Peak &#8211; Pine (verde)<\/h2>\n<div>Il nuovo Puffco New Peak \u00e8 l&#8217;esperienza di svapo pi\u00f9 semplice di sempre. Pi\u00f9 intelligente, pi\u00f9 semplice e pi\u00f9 comodo da tenere in mano, il nostro vaporizzatore intelligente originale \u00e8 ora dotato di una camera 3D, di un tappo a joystick e di un controllo della temperatura in tempo reale. Grazie al funzionamento continuo con un solo pulsante, al filtraggio dell&#8217;acqua di prima qualit\u00e0 e alle quattro preimpostazioni di calore selezionabili, il Peak rende facile gustare i concentrati, ogni volta.<\/div>\n<div><\/div>\n<div>Il Puffco New Peak \u00e8 un vaporizzatore innovativo per i concentrati. Il concetto \u00e8 stato amorevolmente perfezionato in casa dagli stessi inventori. Il percorso dell&#8217;aria \u00e8 privo di adesivi, fibre o sostanze chimiche. Il filtro ad acqua integrato raffredda piacevolmente il vapore prima di ogni inalazione. Il Puffco Peak pu\u00f2 essere classificato tra un dispositivo portatile e uno da tavolo, poich\u00e9 la sua forma e il suo volume ricordano pi\u00f9 un dispositivo domestico. Tuttavia, le sue dimensioni favoriscono il filtraggio e la qualit\u00e0 dell&#8217;acqua. Il vaporizzatore pu\u00f2 essere utilizzato da pi\u00f9 persone grazie alla speciale modalit\u00e0 &#8220;sesh&#8221;. Questa modalit\u00e0 aumenta automaticamente il calore e la durata della sessione.<\/div>\n<div><\/div>\n<\/div>\n<div class=\"grid12-12\">\n<div class=\"grid12-12\">La temperatura pu\u00f2 essere impostata su 4 livelli diversi, a seconda della quantit\u00e0 che si desidera svapare. Bassa 230\u00b0C, Media 260\u00b0C, Alta 287\u00b0C e Picco 315\u00b0C. Il Peak utilizza LED colorati per indicare la temperatura corrente. La batteria di Peak si ricarica in 2 ore grazie alla ricarica rapida USB-C e dura circa 38 dabs. Per l&#8217;uso, il filtro dell&#8217;acqua va riempito fino ai fori dell&#8217;aria. Il dispositivo deve essere sempre scollegato durante questo processo. Il bicchiere viene quindi posizionato sul dispositivo e il materiale viene inserito nella camera con lo strumento di riempimento.<\/div>\n<div class=\"grid12-12\">\n<div class=\"grid12-12\">\n<div class=\"Box2\">\n<h3>Contenuto della fornitura<\/h3>\n<ul>\n<li>1 vaporizzatore Puffco Peak<\/li>\n<li>1x Puffco Peak Glass 2.0<\/li>\n<li>1 camera 3D Puffco Peak<\/li>\n<li>1x Puffco Peak Joystick Cap<\/li>\n<li>1x Strumento per camera Puffco Peak<\/li>\n<li>1 cavo di ricarica USB-C<\/li>\n<li>Bastoncini di cotone per la pulizia<\/li>\n<li>Manuale d&#8217;uso rapido<\/li>\n<\/ul>\n<\/div>\n<\/div>\n<\/div>\n<\/div>\n","protected":false},"featured_media":257,"comment_status":"open","ping_status":"closed","template":"","meta":{"_bbp_topic_count":0,"_bbp_reply_count":0,"_bbp_total_topic_count":0,"_bbp_total_reply_count":0,"_bbp_voice_count":0,"_bbp_anonymous_reply_count":0,"_bbp_topic_count_hidden":0,"_bbp_reply_count_hidden":0,"_bbp_forum_subforum_count":0},"product_brand":[32],"product_cat":[33],"product_tag":[36],"class_list":{"0":"post-256","1":"product","2":"type-product","3":"status-publish","4":"has-post-thumbnail","6":"product_brand-puffco","7":"product_cat-vaporizer","8":"product_tag-puffco-new-peak-pine-verde","10":"first","11":"instock","12":"taxable","13":"shipping-taxable","14":"purchasable","15":"product-type-simple"},"jetpack_sharing_enabled":true,"_links":{"self":[{"href":"https:\/\/bitcointalker.org\/index.php?rest_route=\/wp\/v2\/product\/256","targetHints":{"allow":["GET"]}}],"collection":[{"href":"https:\/\/bitcointalker.org\/index.php?rest_route=\/wp\/v2\/product"}],"about":[{"href":"https:\/\/bitcointalker.org\/index.php?rest_route=\/wp\/v2\/types\/product"}],"replies":[{"embeddable":true,"href":"https:\/\/bitcointalker.org\/index.php?rest_route=%2Fwp%2Fv2%2Fcomments&post=256"}],"wp:featuredmedia":[{"embeddable":true,"href":"https:\/\/bitcointalker.org\/index.php?rest_route=\/wp\/v2\/media\/257"}],"wp:attachment":[{"href":"https:\/\/bitcointalker.org\/index.php?rest_route=%2Fwp%2Fv2%2Fmedia&parent=256"}],"wp:term":[{"taxonomy":"product_brand","embeddable":true,"href":"https:\/\/bitcointalker.org\/index.php?rest_route=%2Fwp%2Fv2%2Fproduct_brand&post=256"},{"taxonomy":"product_cat","embeddable":true,"href":"https:\/\/bitcointalker.org\/index.php?rest_route=%2Fwp%2Fv2%2Fproduct_cat&post=256"},{"taxonomy":"product_tag","embeddable":true,"href":"https:\/\/bitcointalker.org\/index.php?rest_route=%2Fwp%2Fv2%2Fproduct_tag&post=256"}],"curies":[{"name":"wp","href":"https:\/\/api.w.org\/{rel}","templated":true}]}}